{"id":11325,"date":"2020-11-04T11:44:29","date_gmt":"2020-11-04T11:44:29","guid":{"rendered":"http:\/\/vinimat.fr\/?page_id=11325"},"modified":"2024-04-17T14:46:52","modified_gmt":"2024-04-17T14:46:52","slug":"refrigeration","status":"publish","type":"page","link":"https:\/\/vinimat.fr\/index.php\/portfolio\/gallery\/refrigeration\/","title":{"rendered":"R\u00e9frig\u00e9ration"},"content":{"rendered":"<p>[vc_row row_content_width=&#8221;grid&#8221; css=&#8221;.vc_custom_1492067368119{padding-top: 82px !important;padding-bottom: 50px !important;}&#8221;][vc_column][vc_single_image image=&#8221;11326&#8243; img_size=&#8221;medium&#8221; alignment=&#8221;center&#8221;][vc_column_text css=&#8221;.vc_custom_1713365210242{padding-top: 50px !important;padding-bottom: 20px !important;}&#8221;]<code class=\"plain\"><iframe class=\"wonderplugin-pdf-iframe\" src=\"https:\/\/vinimat.fr\/wp-content\/plugins\/wonderplugin-pdf-embed\/pdfjs\/web\/viewer.html?file=https%3A%2F%2Fvinimat.fr%2Fwp-content%2Fuploads%2F2024%2F04%2FDOCUMENTATIONS-COMMERCIALE-REIF.pdf\" width=\"1024px\" height=\"800px\" style=\"border:0;\"><\/iframe><\/code>[\/vc_column_text][vc_empty_space height=&#8221;60px&#8221;]<div class=\"eltdf-portfolio-list-holder eltdf-pl-gallery eltdf-pl-three-columns eltdf-pl-normal-space eltdf-pl-info-below-image eltdf-pl-hover-shader-background eltdf-pl-has-load-more\"  data-next-page=\"2\" data-type=\"gallery\" data-number-of-columns=\"3\" data-space-between-items=\"normal\" data-number-of-items=\"9\" data-image-proportions=\"square\" data-category=\"refrigeration\" data-order-by=\"date\" data-order=\"ASC\" data-info-position=\"below-image\" data-image-hover-type2=\"shader-background\" data-overlay-content-v-align1=\"middle\" data-overlay-content-h-align1=\"center\" data-disable-title=\"no\" data-title-tag=\"h5\" data-disable-category=\"no\" data-disable-excerpt=\"yes\" data-excerpt-length=\"20\" data-enable-variable-width=\"no\" data-pagination=\"yes\" data-max-num-pages=\"1\"><div class=\"eltdf-pl-inner clearfix\"><article class=\"eltdf-pl-item  post-11322 portfolio-item type-portfolio-item status-publish has-post-thumbnail hentry portfolio-category-refrigeration\">\n\t<div class=\"eltdf-pl-item-inner\">\n\t\t<div class=\"eltdf-pli-image\">\n\t\t\t\t\t\t\t<img width=\"352\" height=\"445\" src=\"https:\/\/vinimat.fr\/wp-content\/uploads\/2020\/11\/kr.png\" class=\"attachment-vino_elated_square size-vino_elated_square wp-post-image\" alt=\"\" loading=\"lazy\" srcset=\"https:\/\/vinimat.fr\/wp-content\/uploads\/2020\/11\/kr.png 352w, https:\/\/vinimat.fr\/wp-content\/uploads\/2020\/11\/kr-237x300.png 237w\" sizes=\"(max-width: 352px) 100vw, 352px\" \/>\t\t\t\t\t\t\t\t<\/div>\n\t\t\t\t\t<div class=\"eltdf-pli-text-holder\" style=\"text-align: center\">\n\t\t\t\t<div class=\"eltdf-pli-text-wrapper\">\n\t\t\t\t\t<div class=\"eltdf-pli-text\" style=\"vertical-align: middle\">\n\t\t\t\t\t\t\t\t\t\t\t\t\t<h5 itemprop=\"name\" class=\"eltdf-pli-title entry-title\" >\n\t\t\t\t\t\t\t\tR\u00e9frig\u00e9rateur Coaxial KR\t\t\t\t\t\t\t<\/h5>\n\t\t\t\t\t\t\n\t\t\t\t\t\t<div class=\"eltdf-pli-category-holder\"><a itemprop=\"url\" class=\"eltdf-pli-category\" href=\"https:\/\/vinimat.fr\/index.php\/portfolio-category\/refrigeration\/\" >R\u00e9frig\u00e9ration<\/a><\/div>\t\t\t\t\t\n\t\t\t\t\t\t\t\t\t\t\t<\/div>\n\t\t\t\t<\/div>\n\t\t\t<\/div>\n\t\t\t\t<a itemprop=\"url\" class=\"eltdf-pli-link\" href=\"https:\/\/vinimat.fr\/index.php\/portfolio-item\/refrigerateur-coaxial-kr\/\" target=\"_self\"><\/a>\n\t<\/div>\n<\/article><article class=\"eltdf-pl-item  post-11964 portfolio-item type-portfolio-item status-publish has-post-thumbnail hentry portfolio-category-refrigeration\">\n\t<div class=\"eltdf-pl-item-inner\">\n\t\t<div class=\"eltdf-pli-image\">\n\t\t\t\t\t\t\t<img width=\"550\" height=\"468\" src=\"https:\/\/vinimat.fr\/wp-content\/uploads\/2020\/11\/KW-1-550x468.png\" class=\"attachment-vino_elated_square size-vino_elated_square wp-post-image\" alt=\"\" loading=\"lazy\" \/>\t\t\t\t\t\t\t\t<\/div>\n\t\t\t\t\t<div class=\"eltdf-pli-text-holder\" style=\"text-align: center\">\n\t\t\t\t<div class=\"eltdf-pli-text-wrapper\">\n\t\t\t\t\t<div class=\"eltdf-pli-text\" style=\"vertical-align: middle\">\n\t\t\t\t\t\t\t\t\t\t\t\t\t<h5 itemprop=\"name\" class=\"eltdf-pli-title entry-title\" >\n\t\t\t\t\t\t\t\tR\u00e9frig\u00e9rateur d&#8217;eau KW\t\t\t\t\t\t\t<\/h5>\n\t\t\t\t\t\t\n\t\t\t\t\t\t<div class=\"eltdf-pli-category-holder\"><a itemprop=\"url\" class=\"eltdf-pli-category\" href=\"https:\/\/vinimat.fr\/index.php\/portfolio-category\/refrigeration\/\" >R\u00e9frig\u00e9ration<\/a><\/div>\t\t\t\t\t\n\t\t\t\t\t\t\t\t\t\t\t<\/div>\n\t\t\t\t<\/div>\n\t\t\t<\/div>\n\t\t\t\t<a itemprop=\"url\" class=\"eltdf-pli-link\" href=\"https:\/\/vinimat.fr\/index.php\/portfolio-item\/refrigerateur-deau-kw-2\/\" target=\"_self\"><\/a>\n\t<\/div>\n<\/article><article class=\"eltdf-pl-item  post-11961 portfolio-item type-portfolio-item status-publish has-post-thumbnail hentry portfolio-category-refrigeration\">\n\t<div class=\"eltdf-pl-item-inner\">\n\t\t<div class=\"eltdf-pli-image\">\n\t\t\t\t\t\t\t<img width=\"329\" height=\"395\" src=\"https:\/\/vinimat.fr\/wp-content\/uploads\/2020\/11\/KC.png\" class=\"attachment-vino_elated_square size-vino_elated_square wp-post-image\" alt=\"\" loading=\"lazy\" srcset=\"https:\/\/vinimat.fr\/wp-content\/uploads\/2020\/11\/KC.png 329w, https:\/\/vinimat.fr\/wp-content\/uploads\/2020\/11\/KC-250x300.png 250w\" sizes=\"(max-width: 329px) 100vw, 329px\" \/>\t\t\t\t\t\t\t\t<\/div>\n\t\t\t\t\t<div class=\"eltdf-pli-text-holder\" style=\"text-align: center\">\n\t\t\t\t<div class=\"eltdf-pli-text-wrapper\">\n\t\t\t\t\t<div class=\"eltdf-pli-text\" style=\"vertical-align: middle\">\n\t\t\t\t\t\t\t\t\t\t\t\t\t<h5 itemprop=\"name\" class=\"eltdf-pli-title entry-title\" >\n\t\t\t\t\t\t\t\tR\u00e9frig\u00e9rateur combin\u00e9 KC\t\t\t\t\t\t\t<\/h5>\n\t\t\t\t\t\t\n\t\t\t\t\t\t<div class=\"eltdf-pli-category-holder\"><a itemprop=\"url\" class=\"eltdf-pli-category\" href=\"https:\/\/vinimat.fr\/index.php\/portfolio-category\/refrigeration\/\" >R\u00e9frig\u00e9ration<\/a><\/div>\t\t\t\t\t\n\t\t\t\t\t\t\t\t\t\t\t<\/div>\n\t\t\t\t<\/div>\n\t\t\t<\/div>\n\t\t\t\t<a itemprop=\"url\" class=\"eltdf-pli-link\" href=\"https:\/\/vinimat.fr\/index.php\/portfolio-item\/refrigerateur-combine-kc\/\" target=\"_self\"><\/a>\n\t<\/div>\n<\/article><\/div><\/div>[\/vc_column][\/vc_row][vc_row][vc_column][vc_images_carousel images=&#8221;11991,11992,11993,11994,11995,11996,11997,11998,11999&#8243; img_size=&#8221;&#8221; speed=&#8221;3000&#8243; slides_per_view=&#8221;5&#8243; autoplay=&#8221;yes&#8221; hide_pagination_control=&#8221;yes&#8221; hide_prev_next_buttons=&#8221;yes&#8221; wrap=&#8221;yes&#8221; css=&#8221;.vc_custom_1605860165409{margin-left: 100px !important;}&#8221;][\/vc_column][\/vc_row]<\/p>\n","protected":false},"excerpt":{"rendered":"<p>[vc_row row_content_width=&#8221;grid&#8221; css=&#8221;.vc_custom_1492067368119{padding-top: 82px !important;padding-bottom: 50px !important;}&#8221;][vc_column][vc_single_image image=&#8221;11326&#8243; img_size=&#8221;medium&#8221; alignment=&#8221;center&#8221;][vc_column_text css=&#8221;.vc_custom_1713365210242{padding-top: 50px !important;padding-bottom: 20px !important;}&#8221;][\/vc_column_text][vc_empty_space height=&#8221;60px&#8221;][\/vc_column][\/vc_row][vc_row][vc_column][vc_images_carousel images=&#8221;11991,11992,11993,11994,11995,11996,11997,11998,11999&#8243; img_size=&#8221;&#8221; speed=&#8221;3000&#8243; slides_per_view=&#8221;5&#8243; autoplay=&#8221;yes&#8221; hide_pagination_control=&#8221;yes&#8221; hide_prev_next_buttons=&#8221;yes&#8221; wrap=&#8221;yes&#8221; css=&#8221;.vc_custom_1605860165409{margin-left: 100px !important;}&#8221;][\/vc_column][\/vc_row]<\/p>\n","protected":false},"author":1,"featured_media":0,"parent":7778,"menu_order":0,"comment_status":"closed","ping_status":"closed","template":"full-width.php","meta":{"pgc_sgb_lightbox_settings":""},"_links":{"self":[{"href":"https:\/\/vinimat.fr\/index.php\/wp-json\/wp\/v2\/pages\/11325"}],"collection":[{"href":"https:\/\/vinimat.fr\/index.php\/wp-json\/wp\/v2\/pages"}],"about":[{"href":"https:\/\/vinimat.fr\/index.php\/wp-json\/wp\/v2\/types\/page"}],"author":[{"embeddable":true,"href":"https:\/\/vinimat.fr\/index.php\/wp-json\/wp\/v2\/users\/1"}],"replies":[{"embeddable":true,"href":"https:\/\/vinimat.fr\/index.php\/wp-json\/wp\/v2\/comments?post=11325"}],"version-history":[{"count":12,"href":"https:\/\/vinimat.fr\/index.php\/wp-json\/wp\/v2\/pages\/11325\/revisions"}],"predecessor-version":[{"id":12212,"href":"https:\/\/vinimat.fr\/index.php\/wp-json\/wp\/v2\/pages\/11325\/revisions\/12212"}],"up":[{"embeddable":true,"href":"https:\/\/vinimat.fr\/index.php\/wp-json\/wp\/v2\/pages\/7778"}],"wp:attachment":[{"href":"https:\/\/vinimat.fr\/index.php\/wp-json\/wp\/v2\/media?parent=11325"}],"curies":[{"name":"wp","href":"https:\/\/api.w.org\/{rel}","templated":true}]}}