{"id":12045,"date":"2020-11-16T09:46:45","date_gmt":"2020-11-16T09:46:45","guid":{"rendered":"https:\/\/vinimat.fr\/?page_id=12045"},"modified":"2020-11-16T09:46:46","modified_gmt":"2020-11-16T09:46:46","slug":"mentions-legales","status":"publish","type":"page","link":"https:\/\/vinimat.fr\/index.php\/mentions-legales\/","title":{"rendered":"MENTIONS L\u00c9GALES"},"content":{"rendered":"\n<h2>DROITS D\u2019AUTEURS, TEXTES, PHOTOS, LIENS &#8211; COPYRIGHT \u00a9<\/h2>\n\n\n\n<p>Le site www.vinimat.fr\/ est la propri\u00e9t\u00e9 de la soci\u00e9t\u00e9 VINIMAT. L\u2019ensemble du site rel\u00e8ve de la l\u00e9gislation fran\u00e7aise et internationale sur le droit d\u2019auteur et la propri\u00e9t\u00e9 intellectuelle. Toute repr\u00e9sentation, utilisation ou reproduction (dans sa forme ou son contenu) du site www.vinimat.fr\/ est strictement interdite sans autorisation \u00e9crite pr\u00e9alable de la soci\u00e9t\u00e9 VINIMAT. Elle sera en tout \u00e9tat de cause soumise \u00e0 l\u2019obligation de faire appara\u00eetre la mention claire et lisible de l\u2019adresse du site : www.vinimat.fr\/. L\u2019\u00e9tablissement de tout lien hypertexte pointant vers ce site est soumis au m\u00eame r\u00e9gime. Toutes images, textes et \u00e9l\u00e9ments graphiques utilis\u00e9s sans le consentement de la soci\u00e9t\u00e9 VINIMAT pourra faire l\u2019objet de poursuites l\u00e9gales.<\/p>\n\n\n\n<p>Le site&nbsp;:&nbsp;<a href=\"https:\/\/web.archive.org\/web\/20191231205828\/http:\/\/www.vinimat.fr\/\">www.vinimat.fr<\/a>&nbsp;ne poss\u00e8de dans son contenu aucune valeur contractuelle.<\/p>\n\n\n\n<p>Les renseignements et les contenus pr\u00e9sents au sein de ce site sont fournis \u00e0 titre indicatif et sont susceptibles d\u2019\u00eatre modifi\u00e9s \u00e0 tout moment et sans pr\u00e9avis. Leur utilisation \u00e0 des fins priv\u00e9es ou professionnelles ne saurait engager la responsabilit\u00e9 de VINIMAT de quelque mani\u00e8re que ce soit.<\/p>\n\n\n\n<h2>AVERTISSEMENT<\/h2>\n\n\n\n<p>Les donn\u00e9es mises en ligne sur le site Internet ont pour objectif de pr\u00e9senter la soci\u00e9t\u00e9 VINIMAT. Leur exactitude est p\u00e9riodiquement contr\u00f4l\u00e9e et leur mise \u00e0 jour assur\u00e9e r\u00e9guli\u00e8rement. Des erreurs ou omissions ind\u00e9pendantes de la volont\u00e9 de la soci\u00e9t\u00e9 VINIMAT peuvent toutefois se glisser dans les pages de son site. En tout \u00e9tat de cause, la responsabilit\u00e9 de la soci\u00e9t\u00e9 VINIMAT ne saurait \u00eatre retenue en cas de pr\u00e9judice direct ou indirect (notamment tout pr\u00e9judice financier, commercial, perte de programme ou de donn\u00e9e) r\u00e9sultant de l\u2019usage de son site et de l\u2019utilisation des donn\u00e9es et informations qui y sont mises en ligne. La soci\u00e9t\u00e9 VINIMAT d\u00e9cline \u00e9galement toute responsabilit\u00e9 \u00e0 l\u2019\u00e9gard de tout dommage li\u00e9 \u00e0 l\u2019utilisation des liens hypertextes mise en ligne sur son site et \u00e0 la consultation des sites auxquels ils renvoient. Il est express\u00e9ment rappel\u00e9 que la soci\u00e9t\u00e9 VINIMAT n\u2019a aucun contr\u00f4le ni aucune responsabilit\u00e9 sur le contenu de ces sites. Il incombe donc \u00e0 chaque internaute de prendre les pr\u00e9cautions n\u00e9cessaires afin de s\u2019assurer que le site s\u00e9lectionn\u00e9 n\u2019est pas infest\u00e9 de virus ou autre parasite de nature destructive.<\/p>\n\n\n\n<h2>LOI EVIN<\/h2>\n\n\n\n<p>L&#8217;abus d&#8217;alcool est dangereux pour la sant\u00e9. A consommer avec mod\u00e9ration.<\/p>\n\n\n\n<h2>INFORMATIONS NOMINATIVES<\/h2>\n\n\n\n<p>Ce site Web, qui comporte des informations nominatives concernant ses partenaires, a fait l&#8217;objet d&#8217;une d\u00e9claration aupr\u00e8s de la CNIL. Les informations recueillies par le biais de nos formulaires de contact et de newsletter n\u2019ont d\u2019autre but que de renseigner et de pouvoir r\u00e9pondre aux interrogations des internautes. Aucune information personnelle n&#8217;est c\u00e9d\u00e9e \u00e0 des tiers. Conform\u00e9ment \u00e0 la loi \u00ab informatique et libert\u00e9s \u00bb du 6 janvier 1978, les internautes b\u00e9n\u00e9ficient d\u2019un droit d\u2019acc\u00e8s et de rectification aux informations qui les concernent. Si vous souhaitez exercer ce droit et obtenir communication ou suppression des informations vous concernant (vous pouvez, pour des motifs l\u00e9gitimes, vous opposer au traitement des donn\u00e9es vous concernant), veuillez nous contacter via les coordonn\u00e9es suivantes :<\/p>\n\n\n\n<p><strong>VINIMAT<\/strong><br>Si\u00e8ge social : 33A, Route de Canteloup<br>33750 BEYCHAC ET CAILLAU<br>T\u00e9l\u00e9phone : 05 56 99 11 09<br>Fax : 01 39 75 15 54<br>RCS : Bordeaux B 442 979 027<\/p>\n\n\n\n<h2>COOKIE<\/h2>\n\n\n\n<p>L&#8217;utilisateur est inform\u00e9 que lors de ses visites sur le site, un cookie peut s&#8217;installer automatiquement sur son logiciel de navigation (un cookie est un bloc de donn\u00e9es qui ne permet pas de l&#8217;identifier mais qui sert \u00e0 enregistrer des informations relatives \u00e0 la navigation de celui-ci sur le site). En g\u00e9n\u00e9ral, ce cookie contient, un num\u00e9ro d&#8217;identification ou un code qui nous permet de vous reconna\u00eetre lorsque vous retournez sur notre site. La mise en place de ces syst\u00e8mes nous permet simplement la r\u00e9cup\u00e9ration de donn\u00e9es statistiques afin d\u2019am\u00e9liorer notre site et de mieux r\u00e9pondre \u00e0 vos besoins. Les donn\u00e9es concern\u00e9es ne sont en aucun cas c\u00e9d\u00e9es \u00e0 des tiers. Nous vous rappelons que votre navigateur poss\u00e8de des fonctionnalit\u00e9s qui vous permettent de vous opposer \u00e0 l&#8217;enregistrement de cookies, d&#8217;\u00eatre pr\u00e9venu avant d&#8217;accepter les cookies, ou de les effacer.<br>Pour plus d&#8217;information sur les cookies ainsi que sur les diff\u00e9rentes prescriptions d\u00e9crites plus haut, nous vous recommandons de visiter le site Internet de la CNIL :&nbsp;<a href=\"https:\/\/web.archive.org\/web\/20191231205828\/http:\/\/www.cnil.fr\/\">http:\/\/www.cnil.fr\/<\/a><\/p>\n\n\n\n<h2>CREDITS<\/h2>\n\n\n\n<p>R\u00e9alisation du site : Agence <a href=\"https:\/\/ofilduweb.com\/\">O Fil du Web<\/a><br>Ce site est h\u00e9berg\u00e9 par : Tristram consulting, 7 all\u00e9e de Chartres, 33 000 Bordeaux<br>Raison sociale : VINIMAT<br>RCS : Bordeaux B 442 979 027<br>Nom et fonction du responsable : Fr\u00e9d\u00e9ric Le Grix de la Salle, G\u00e9rant.<\/p>\n","protected":false},"excerpt":{"rendered":"<p>DROITS D\u2019AUTEURS, TEXTES, PHOTOS, LIENS &#8211; COPYRIGHT \u00a9 Le site www.vinimat.fr\/ est la propri\u00e9t\u00e9 de la soci\u00e9t\u00e9 VINIMAT. L\u2019ensemble du site rel\u00e8ve de la l\u00e9gislation fran\u00e7aise et internationale sur le droit d\u2019auteur et la propri\u00e9t\u00e9 intellectuelle. Toute repr\u00e9sentation, utilisation ou reproduction (dans sa forme ou [&hellip;]<\/p>\n","protected":false},"author":1,"featured_media":0,"parent":0,"menu_order":0,"comment_status":"closed","ping_status":"closed","template":"","meta":{"pgc_sgb_lightbox_settings":""},"_links":{"self":[{"href":"https:\/\/vinimat.fr\/index.php\/wp-json\/wp\/v2\/pages\/12045"}],"collection":[{"href":"https:\/\/vinimat.fr\/index.php\/wp-json\/wp\/v2\/pages"}],"about":[{"href":"https:\/\/vinimat.fr\/index.php\/wp-json\/wp\/v2\/types\/page"}],"author":[{"embeddable":true,"href":"https:\/\/vinimat.fr\/index.php\/wp-json\/wp\/v2\/users\/1"}],"replies":[{"embeddable":true,"href":"https:\/\/vinimat.fr\/index.php\/wp-json\/wp\/v2\/comments?post=12045"}],"version-history":[{"count":2,"href":"https:\/\/vinimat.fr\/index.php\/wp-json\/wp\/v2\/pages\/12045\/revisions"}],"predecessor-version":[{"id":12047,"href":"https:\/\/vinimat.fr\/index.php\/wp-json\/wp\/v2\/pages\/12045\/revisions\/12047"}],"wp:attachment":[{"href":"https:\/\/vinimat.fr\/index.php\/wp-json\/wp\/v2\/media?parent=12045"}],"curies":[{"name":"wp","href":"https:\/\/api.w.org\/{rel}","templated":true}]}}