{"id":12278,"date":"2024-04-17T16:53:57","date_gmt":"2024-04-17T16:53:57","guid":{"rendered":"https:\/\/vinimat.fr\/?page_id=12278"},"modified":"2024-04-17T16:53:57","modified_gmt":"2024-04-17T16:53:57","slug":"nos-realisations","status":"publish","type":"page","link":"https:\/\/vinimat.fr\/index.php\/nos-realisations\/","title":{"rendered":"Nos R\u00e9alisations"},"content":{"rendered":"<div id=\"lmm_10ec827b\" style=\"width:100%;\" class=\"mapsmarker layermap layer-1\">\n<div id=\"lmm_panel_10ec827b\" class=\"lmm-panel\" style=\"background:#b1af6a;\">\n<div id=\"lmm_panel_api_10ec827b\" class=\"lmm-panel-api\"><\/div><div id=\"lmm_panel_text_10ec827b\" class=\"lmm-panel-text\" style=\"font-weight:bold;color:#373737;\">Vinimat Clients et Partenaires<\/div>\n<\/div>\n<div id=\"lmm_map_10ec827b\" class=\"lmm-map\" style=\"background:#f6f6f6;border:1px solid #ccc;height:900px; overflow:hidden;padding:0;\"><p style=\"font-size:80%;color:#9f9e9e;margin-left:5px;\" class=\"lmm-loading\">chargement de la carte - veuillez patienter...<noscript><br\/><strong>La carte ne peut \u00eatre charg\u00e9e - s'il vous pla\u00eet activer Javascript !<\/strong><br\/><a style=\"text-decoration:none;\" href=\"https:\/\/www.mapsmarker.com\/js-disabled\" target=\"_blank\">&rarr; plus d'informations<\/a><\/noscript><\/p><span id=\"lmm_10ec827b-loading\" class=\"lmm-markers-loading\"><\/span><\/div>\n<div id=\"lmm_geo_tags_10ec827b_1\" class=\"lmm-geo-tags geo\">Vignobles Landi\u00e9: <span class=\"latitude\">44.695709<\/span>, <span class=\"longitude\">-0.221254<\/span><\/div>\n<div id=\"lmm_geo_tags_10ec827b_2\" class=\"lmm-geo-tags geo\">Ch\u00e2teau Talbot: <span class=\"latitude\">45.157999<\/span>, <span class=\"longitude\">-0.759022<\/span><\/div>\n<div id=\"lmm_geo_tags_10ec827b_3\" class=\"lmm-geo-tags geo\">Ch\u00e2teau Haut Piquat: <span class=\"latitude\">44.948500<\/span>, <span class=\"longitude\">-0.101016<\/span><\/div>\n<div id=\"lmm_geo_tags_10ec827b_4\" class=\"lmm-geo-tags geo\">Ch\u00e2teau La Louvi\u00e8re: <span class=\"latitude\">44.731200<\/span>, <span class=\"longitude\">-0.587628<\/span><\/div>\n<div id=\"lmm_geo_tags_10ec827b_5\" class=\"lmm-geo-tags geo\">Ch\u00e2teau Calon S\u00e9gur: <span class=\"latitude\">45.259300<\/span>, <span class=\"longitude\">-0.771973<\/span><\/div>\n<div id=\"lmm_geo_tags_10ec827b_6\" class=\"lmm-geo-tags geo\">Ch\u00e2teau La Verri\u00e8re: <span class=\"latitude\">44.749400<\/span>, <span class=\"longitude\">0.169229<\/span><\/div>\n<div id=\"lmm_geo_tags_10ec827b_7\" class=\"lmm-geo-tags geo\">Ch\u00e2teau L\u00e9oville-Poyferr\u00e9: <span class=\"latitude\">45.165500<\/span>, <span class=\"longitude\">-0.741216<\/span><\/div>\n<div id=\"lmm_geo_tags_10ec827b_8\" class=\"lmm-geo-tags geo\">Vinimat: <span class=\"latitude\">44.881262<\/span>, <span class=\"longitude\">-0.361578<\/span><\/div>\n<div id=\"lmm_geo_tags_10ec827b_9\" class=\"lmm-geo-tags geo\">Ch\u00e2teau Brane Cantenac: <span class=\"latitude\">45.023546<\/span>, <span class=\"longitude\">-0.673535<\/span><\/div>\n<div id=\"lmm_geo_tags_10ec827b_10\" class=\"lmm-geo-tags geo\">Ch\u00e2teau d\\'aiguilhe: <span class=\"latitude\">44.909451<\/span>, <span class=\"longitude\">-0.050128<\/span><\/div>\n<div id=\"lmm_geo_tags_10ec827b_11\" class=\"lmm-geo-tags geo\">MILLESIME FILTRATION: <span class=\"latitude\">44.746800<\/span>, <span class=\"longitude\">0.087898<\/span><\/div>\n<div id=\"lmm_geo_tags_10ec827b_13\" class=\"lmm-geo-tags geo\">Ch\u00e2teau COMBARIEU: <span class=\"latitude\">44.836395<\/span>, <span class=\"longitude\">-0.576782<\/span><\/div>\n<div id=\"lmm_geo_tags_10ec827b_16\" class=\"lmm-geo-tags geo\">Ch\u00e2teau COMBARIEU: <span class=\"latitude\">44.414420<\/span>, <span class=\"longitude\">1.374900<\/span><\/div>\n<div id=\"lmm_geo_tags_10ec827b_17\" class=\"lmm-geo-tags geo\">Ch\u00e2teau Cantemerle: <span class=\"latitude\">45.007330<\/span>, <span class=\"longitude\">-0.614420<\/span><\/div>\n<div id=\"lmm_geo_tags_10ec827b_18\" class=\"lmm-geo-tags geo\">Chateau Smith Haut Lafitte: <span class=\"latitude\">44.733060<\/span>, <span class=\"longitude\">-0.546830<\/span><\/div>\n<div id=\"lmm_geo_tags_10ec827b_19\" class=\"lmm-geo-tags geo\">Chateau Les Mond\u00e9rys: <span class=\"latitude\">44.779530<\/span>, <span class=\"longitude\">0.546350<\/span><\/div>\n<div id=\"lmm_geo_tags_10ec827b_20\" class=\"lmm-geo-tags geo\">Clos des Verdots: <span class=\"latitude\">44.779570<\/span>, <span class=\"longitude\">0.551830<\/span><\/div>\n<div id=\"lmm_geo_tags_10ec827b_21\" class=\"lmm-geo-tags geo\">Costral: <span class=\"latitude\">48.166160<\/span>, <span class=\"longitude\">7.299960<\/span><\/div>\n<div id=\"lmm_geo_tags_10ec827b_22\" class=\"lmm-geo-tags geo\">Albagnac: <span class=\"latitude\">44.603600<\/span>, <span class=\"longitude\">4.820620<\/span><\/div>\n<div id=\"lmm_geo_tags_10ec827b_23\" class=\"lmm-geo-tags geo\">STONE: <span class=\"latitude\">45.500000<\/span>, <span class=\"longitude\">5.422950<\/span><\/div>\n<div id=\"lmm_geo_tags_10ec827b_24\" class=\"lmm-geo-tags geo\">Valverde: <span class=\"latitude\">42.432980<\/span>, <span class=\"longitude\">-2.562440<\/span><\/div>\n<div id=\"lmm_geo_tags_10ec827b_25\" class=\"lmm-geo-tags geo\">BEDI: <span class=\"latitude\">47.132990<\/span>, <span class=\"longitude\">5.215750<\/span><\/div>\n<div id=\"lmm_geo_tags_10ec827b_26\" class=\"lmm-geo-tags geo\">SPADONI: <span class=\"latitude\">42.609611<\/span>, <span class=\"longitude\">11.953125<\/span><\/div>\n<div id=\"lmm_geo_tags_10ec827b_27\" class=\"lmm-geo-tags geo\">Hygrocontrole: <span class=\"latitude\">46.753600<\/span>, <span class=\"longitude\">4.847300<\/span><\/div>\n<div id=\"lmm_geo_tags_10ec827b_28\" class=\"lmm-geo-tags geo\">Chateau Les Carmes Haut Brion: <span class=\"latitude\">44.712620<\/span>, <span class=\"longitude\">-0.543290<\/span><\/div>\n<div id=\"lmm_geo_tags_10ec827b_29\" class=\"lmm-geo-tags geo\">Vignobles Romain ROUX: <span class=\"latitude\">44.682120<\/span>, <span class=\"longitude\">-0.196340<\/span><\/div>\n<div id=\"lmm_geo_tags_10ec827b_30\" class=\"lmm-geo-tags geo\">Chateau Haut Bages lib\u00e9ral: <span class=\"latitude\">45.198990<\/span>, <span class=\"longitude\">-0.748830<\/span><\/div>\n<div id=\"lmm_geo_tags_10ec827b_31\" class=\"lmm-geo-tags geo\">Chateau Barde Haut: <span class=\"latitude\">44.893080<\/span>, <span class=\"longitude\">-0.131980<\/span><\/div>\n<div id=\"lmm_geo_tags_10ec827b_32\" class=\"lmm-geo-tags geo\">Chateau de Cash: <span class=\"latitude\">45.150340<\/span>, <span class=\"longitude\">-0.822010<\/span><\/div>\n<div id=\"lmm_geo_tags_10ec827b_33\" class=\"lmm-geo-tags geo\">Chateau Figeac: <span class=\"latitude\">44.913030<\/span>, <span class=\"longitude\">-0.193170<\/span><\/div>\n<div id=\"lmm_geo_tags_10ec827b_34\" class=\"lmm-geo-tags geo\">Chateau Pavie Macquin: <span class=\"latitude\">44.912430<\/span>, <span class=\"longitude\">-0.221780<\/span><\/div>\n<div id=\"lmm_geo_tags_10ec827b_35\" class=\"lmm-geo-tags geo\">La maison du jambon: <span class=\"latitude\">43.535440<\/span>, <span class=\"longitude\">-0.411730<\/span><\/div>\n<div id=\"lmm_geo_tags_10ec827b_36\" class=\"lmm-geo-tags geo\">Les salines de salies de B\u00e9arn: <span class=\"latitude\">43.468820<\/span>, <span class=\"longitude\">-0.924920<\/span><\/div>\n<div id=\"lmm_geo_tags_10ec827b_37\" class=\"lmm-geo-tags geo\">Maison Jean Boyer: <span class=\"latitude\">43.687560<\/span>, <span class=\"longitude\">-1.228710<\/span><\/div>\n<div id=\"lmm_geo_tags_10ec827b_39\" class=\"lmm-geo-tags geo\">Ch\u00e2teau Latour: <span class=\"latitude\">45.198990<\/span>, <span class=\"longitude\">-0.748830<\/span><\/div>\n<div id=\"lmm_geo_tags_10ec827b_40\" class=\"lmm-geo-tags geo\">Kuhne &amp; Nagel: <span class=\"latitude\">44.916200<\/span>, <span class=\"longitude\">-0.634620<\/span><\/div>\n<div id=\"lmm_geo_tags_10ec827b_41\" class=\"lmm-geo-tags geo\">Ch\u00e2teau Fourcas Dupr\u00e9: <span class=\"latitude\">45.056910<\/span>, <span class=\"longitude\">-0.795820<\/span><\/div>\n<div id=\"lmm_geo_tags_10ec827b_43\" class=\"lmm-geo-tags geo\">Ch\u00e2teau les Carmes Haut Brion \u00a0 \u00a0: <span class=\"latitude\">44.712620<\/span>, <span class=\"longitude\">-0.543290<\/span><\/div>\n<div id=\"lmm_geo_tags_10ec827b_44\" class=\"lmm-geo-tags geo\">Ch\u00e2teau les Carmes Haut Brion \u00a0 \u00a0: <span class=\"latitude\">44.712620<\/span>, <span class=\"longitude\">-0.543290<\/span><\/div>\n<div id=\"lmm_geo_tags_10ec827b_45\" class=\"lmm-geo-tags geo\">chateaux test: <span class=\"latitude\">44.823170<\/span>, <span class=\"longitude\">-0.614970<\/span><\/div>\n<div id=\"lmm_geo_tags_10ec827b_46\" class=\"lmm-geo-tags geo\">Ch\u00e2teau LALANDE DE TALEYRAN: <span class=\"latitude\">44.877530<\/span>, <span class=\"longitude\">-0.401470<\/span><\/div>\n<div id=\"lmm_geo_tags_10ec827b_47\" class=\"lmm-geo-tags geo\">Ch\u00e2teau PENIN: <span class=\"latitude\">44.868780<\/span>, <span class=\"longitude\">-0.236980<\/span><\/div>\n<div id=\"lmm_geo_tags_10ec827b_48\" class=\"lmm-geo-tags geo\">Ch\u00e2teau LE GRAND VERDUS: <span class=\"latitude\">44.781250<\/span>, <span class=\"longitude\">-0.411580<\/span><\/div>\n<div id=\"lmm_geo_tags_10ec827b_49\" class=\"lmm-geo-tags geo\">Ch\u00e2teau COUTET: <span class=\"latitude\">44.895420<\/span>, <span class=\"longitude\">-0.176660<\/span><\/div>\n<div id=\"lmm_geo_tags_10ec827b_50\" class=\"lmm-geo-tags geo\">Ch\u00e2teau FONROQUE: <span class=\"latitude\">44.903810<\/span>, <span class=\"longitude\">-0.159780<\/span><\/div>\n<div id=\"lmm_geo_tags_10ec827b_51\" class=\"lmm-geo-tags geo\">Ch\u00e2teau VIEUX CHATEAU CERTAN: <span class=\"latitude\">44.927670<\/span>, <span class=\"longitude\">-0.198780<\/span><\/div>\n<div id=\"lmm_geo_tags_10ec827b_52\" class=\"lmm-geo-tags geo\">Union de producteur de Puisseguin: <span class=\"latitude\">44.924300<\/span>, <span class=\"longitude\">-0.073990<\/span><\/div>\n<div id=\"lmm_geo_tags_10ec827b_53\" class=\"lmm-geo-tags geo\">Ch\u00e2teau PUYGUEYRAUD: <span class=\"latitude\">44.928940<\/span>, <span class=\"longitude\">-0.022520<\/span><\/div>\n<div id=\"lmm_geo_tags_10ec827b_54\" class=\"lmm-geo-tags geo\">Benoit Serres Liqueurs et Spiritueux: <span class=\"latitude\">44.595550<\/span>, <span class=\"longitude\">-0.041670<\/span><\/div>\n<div id=\"lmm_geo_tags_10ec827b_55\" class=\"lmm-geo-tags geo\">Ch\u00e2teau HAUT BAILLY: <span class=\"latitude\">44.733850<\/span>, <span class=\"longitude\">-0.591110<\/span><\/div>\n<div id=\"lmm_geo_tags_10ec827b_56\" class=\"lmm-geo-tags geo\">Ch\u00e2teau GABACHOT: <span class=\"latitude\">44.701940<\/span>, <span class=\"longitude\">-0.106730<\/span><\/div>\n<div id=\"lmm_geo_tags_10ec827b_57\" class=\"lmm-geo-tags geo\">Domaine de chevalier: <span class=\"latitude\">44.719310<\/span>, <span class=\"longitude\">-0.624060<\/span><\/div>\n<div id=\"lmm_geo_tags_10ec827b_58\" class=\"lmm-geo-tags geo\">Ch\u00e2teau beychevelle: <span class=\"latitude\">45.165850<\/span>, <span class=\"longitude\">-0.741730<\/span><\/div>\n<div id=\"lmm_geo_tags_10ec827b_59\" class=\"lmm-geo-tags geo\">Ch\u00e2teau Branaire Ducru: <span class=\"latitude\">45.165850<\/span>, <span class=\"longitude\">-0.741730<\/span><\/div>\n<div id=\"lmm_geo_tags_10ec827b_60\" class=\"lmm-geo-tags geo\">Ch\u00e2teau Gruaud Larose: <span class=\"latitude\">45.165850<\/span>, <span class=\"longitude\">-0.741730<\/span><\/div>\n<div id=\"lmm_geo_tags_10ec827b_61\" class=\"lmm-geo-tags geo\">Ch\u00e2teau Talbot: <span class=\"latitude\">45.165850<\/span>, <span class=\"longitude\">-0.741730<\/span><\/div>\n<div id=\"lmm_geo_tags_10ec827b_62\" class=\"lmm-geo-tags geo\">Ch\u00e2teau La Lagune: <span class=\"latitude\">44.977430<\/span>, <span class=\"longitude\">-0.617830<\/span><\/div>\n<div id=\"lmm_geo_tags_10ec827b_63\" class=\"lmm-geo-tags geo\">Ch\u00e2teau Malescot Saint Exup\u00e9ry: <span class=\"latitude\">45.040980<\/span>, <span class=\"longitude\">-0.675760<\/span><\/div>\n<div id=\"lmm_geo_tags_10ec827b_64\" class=\"lmm-geo-tags geo\">Vignobles JAUBERT: <span class=\"latitude\">44.703400<\/span>, <span class=\"longitude\">-0.241350<\/span><\/div>\n<div id=\"lmm_geo_tags_10ec827b_66\" class=\"lmm-geo-tags geo\">Ch\u00e2teau DOYAC: <span class=\"latitude\">45.288960<\/span>, <span class=\"longitude\">-0.790660<\/span><\/div>\n<div id=\"lmm_geo_tags_10ec827b_67\" class=\"lmm-geo-tags geo\">Ch\u00e2teau Pontoise Cabarrus: <span class=\"latitude\">45.285840<\/span>, <span class=\"longitude\">-0.786040<\/span><\/div>\n<div id=\"lmm_geo_tags_10ec827b_68\" class=\"lmm-geo-tags geo\">Ch\u00e2teau Grandis: <span class=\"latitude\">45.286630<\/span>, <span class=\"longitude\">-0.789070<\/span><\/div>\n<div id=\"lmm_geo_tags_10ec827b_69\" class=\"lmm-geo-tags geo\">Uni-m\u00e9doc\u00a0: <span class=\"latitude\">45.327100<\/span>, <span class=\"longitude\">-0.965070<\/span><\/div>\n<div id=\"lmm_geo_tags_10ec827b_70\" class=\"lmm-geo-tags geo\">Ch\u00e2teau Lamothe Bergeron: <span class=\"latitude\">45.120030<\/span>, <span class=\"longitude\">-0.730630<\/span><\/div>\n<div id=\"lmm_geo_tags_10ec827b_71\" class=\"lmm-geo-tags geo\">Ch\u00e2teau Beaumont: <span class=\"latitude\">45.120030<\/span>, <span class=\"longitude\">-0.730630<\/span><\/div>\n<div id=\"lmm_geo_tags_10ec827b_72\" class=\"lmm-geo-tags geo\">Ch\u00e2teau Latour: <span class=\"latitude\">45.198990<\/span>, <span class=\"longitude\">-0.748830<\/span><\/div>\n<div id=\"lmm_geo_tags_10ec827b_73\" class=\"lmm-geo-tags geo\">Ch\u00e2teau d\u2019Escurac: <span class=\"latitude\">45.338730<\/span>, <span class=\"longitude\">-0.897600<\/span><\/div>\n<div id=\"lmm_geo_tags_10ec827b_74\" class=\"lmm-geo-tags geo\">Ch\u00e2teau HAUT COTEAU: <span class=\"latitude\">45.264660<\/span>, <span class=\"longitude\">-0.769510<\/span><\/div>\n<div id=\"lmm_geo_tags_10ec827b_75\" class=\"lmm-geo-tags geo\">Ch\u00e2teau La Galiane: <span class=\"latitude\">45.056200<\/span>, <span class=\"longitude\">-0.699970<\/span><\/div>\n<div id=\"lmm_geo_tags_10ec827b_76\" class=\"lmm-geo-tags geo\">Ch\u00e2teau PANET: <span class=\"latitude\">44.896110<\/span>, <span class=\"longitude\">-0.123520<\/span><\/div>\n<div id=\"lmm_geo_tags_10ec827b_77\" class=\"lmm-geo-tags geo\">Ch\u00e2teau La Tour de By: <span class=\"latitude\">45.376640<\/span>, <span class=\"longitude\">-0.850430<\/span><\/div>\n<div class=\"lmm-preload-area\"><\/div>\n<\/div>\n","protected":false},"excerpt":{"rendered":"Vinimat Clients et Partenaires chargement de la carte - veuillez patienter...La carte ne peut \u00eatre charg\u00e9e - s'il vous pla\u00eet activer Javascript !&rarr; plus d'informations Vignobles Landi\u00e9: 44.695709, -0.221254 Ch\u00e2teau Talbot: 45.157999, -0.759022 Ch\u00e2teau Haut Piquat: 44.948500, -0.101016 Ch\u00e2teau La Louvi\u00e8re: 44.731200, -0.587628 Ch\u00e2teau Calon [...]","protected":false},"author":1,"featured_media":0,"parent":0,"menu_order":0,"comment_status":"closed","ping_status":"closed","template":"","meta":{"pgc_sgb_lightbox_settings":""},"_links":{"self":[{"href":"https:\/\/vinimat.fr\/index.php\/wp-json\/wp\/v2\/pages\/12278"}],"collection":[{"href":"https:\/\/vinimat.fr\/index.php\/wp-json\/wp\/v2\/pages"}],"about":[{"href":"https:\/\/vinimat.fr\/index.php\/wp-json\/wp\/v2\/types\/page"}],"author":[{"embeddable":true,"href":"https:\/\/vinimat.fr\/index.php\/wp-json\/wp\/v2\/users\/1"}],"replies":[{"embeddable":true,"href":"https:\/\/vinimat.fr\/index.php\/wp-json\/wp\/v2\/comments?post=12278"}],"version-history":[{"count":3,"href":"https:\/\/vinimat.fr\/index.php\/wp-json\/wp\/v2\/pages\/12278\/revisions"}],"predecessor-version":[{"id":12282,"href":"https:\/\/vinimat.fr\/index.php\/wp-json\/wp\/v2\/pages\/12278\/revisions\/12282"}],"wp:attachment":[{"href":"https:\/\/vinimat.fr\/index.php\/wp-json\/wp\/v2\/media?parent=12278"}],"curies":[{"name":"wp","href":"https:\/\/api.w.org\/{rel}","templated":true}]}}