{"id":6869,"date":"2017-03-23T08:13:20","date_gmt":"2017-03-23T08:13:20","guid":{"rendered":"http:\/\/vino.elated-themes.com\/?page_id=6869"},"modified":"2020-11-08T20:31:22","modified_gmt":"2020-11-08T20:31:22","slug":"about-me","status":"publish","type":"page","link":"https:\/\/vinimat.fr\/index.php\/about-me\/","title":{"rendered":"A Propos du Fondateur"},"content":{"rendered":"<p>[vc_row row_content_width=&#8221;grid&#8221; css=&#8221;.vc_custom_1491831764066{padding-top: 80px !important;background-color: #ffffff !important;}&#8221;][vc_column offset=&#8221;vc_col-md-12&#8243;][vc_row_inner row_content_width=&#8221;grid&#8221;][vc_column_inner offset=&#8221;vc_col-lg-3 vc_col-md-4&#8243;][vc_column_text]<\/p>\n<h3><span style=\"color: #8a8a8a;\">Fr\u00e9d\u00e9ric Le Grix de la Salle<\/span><\/h3>\n<p>[\/vc_column_text][vc_empty_space height=&#8221;10px&#8221;][\/vc_column_inner][vc_column_inner offset=&#8221;vc_col-lg-9 vc_col-md-8&#8243;][vc_empty_space height=&#8221;15px&#8221;][vc_column_text]<\/p>\n<p align=\"justify\">Apr\u00e8s avoir pass\u00e9 5 ann\u00e9es dans le secteur vinicole, Fr\u00e9d\u00e9ric Le Grix de la Salle d\u00e9cide de cr\u00e9er la soci\u00e9t\u00e9 VINIMAT en 2002,<\/p>\n<p align=\"justify\">Voil\u00e0\u00a0 18 ans que la soci\u00e9t\u00e9 VINIMAT existe comme acteur majeur dans le secteur Vinicole sur la Gironde.<\/p>\n<p>[\/vc_column_text][vc_empty_space height=&#8221;140px&#8221;][\/vc_column_inner][\/vc_row_inner][vc_separator][\/vc_column][\/vc_row][vc_row row_content_width=&#8221;grid&#8221; css=&#8221;.vc_custom_1492074346410{padding-top: 145px !important;padding-bottom: 140px !important;}&#8221;][vc_column]<div class=\"eltdf-section-title-holder\" style=\"text-align: center\">\n\t\t\t<h2 class=\"eltdf-st-title\" >\n\t\t\t<span>L&#039;\u00e9volution de VINIMAT depuis 2002<\/span>\n\t\t<\/h2>\n                    <div class=\"eltdf-st-separator clearfix\">\n                <div class=\"eltdf-separator\" ><\/div>\n            <\/div>\n        \t\t\t\t<h4 class=\"eltdf-st-subtitle\" >\n\t\t<span>Notre entreprise n&#039;a de cesse d&#039;\u00e9voluer technologiquement pour rester en ad\u00e9quation avec son \u00e9poque.<\/span>\n\t\t<\/h4>\n\t\t<\/div>[vc_empty_space height=&#8221;10px&#8221;][\/vc_column][\/vc_row][vc_row css=&#8221;.vc_custom_1604867312544{padding-top: 50px !important;padding-right: 50px !important;padding-bottom: 50px !important;padding-left: 50px !important;}&#8221;][vc_column][vc_column_text]<em>Satisfaire au mieux notre client\u00e8le<\/em><\/p>\n<p>La soci\u00e9t\u00e9 VINIMAT est sp\u00e9cialis\u00e9e dans la commercialisation de mat\u00e9riel vinicole.<\/p>\n<p>Particuli\u00e8rement pr\u00e9sente dans le secteur du conditionnement, elle propose une large gamme de marques Fran\u00e7aises et Europ\u00e9ennes dans des cadences allant de 1000 \u00e0 10000 bouteilles heure.<\/p>\n<p>De la d\u00e9palettisation de bouteilles neuves \u00e0 la palettisation de caisses bois ou cartons.<\/p>\n<p>Gr\u00e2ce \u00e0 une gamme compl\u00e8te de produits performants \u00e0 des prix maitris\u00e9s, chaque viticulteur peut renouveler ou moderniser ses \u00e9quipements, en toute s\u00e9r\u00e9nit\u00e9 car il sera conseill\u00e9 techniquement et selon ses besoins.<\/p>\n<p>Chaque client pourra s&#8217;appuyer en cas de besoin sur un Service Apr\u00e8s-Vente performant pr\u00e9sent sur 3 zones distinctes :<\/p>\n<p>Libournais\/Blayais\/Bourgeais\/Nord Entre-deux-Mers &#8211;<\/p>\n<p>Graves\/Pessac L\u00e9ognan\/Sud Entre deux Mers &#8211;<\/p>\n<p>M\u00e9doc<\/p>\n<p>Fr\u00e9d\u00e9ric Le Grix de La Salle et Vincent Bessette travaillent depuis des ann\u00e9es, en partenariat avec les meilleurs fabricants Fran\u00e7ais et Europ\u00e9ens, produisant des mat\u00e9riels haut de gamme, \u00e0 des prix raisonnables.<\/p>\n<p>ALBAGNAC \/\u00a0\u00a0Machines de capsulage et d&#8217;\u00e9tiquetage<br \/>\njusqu&#8217;\u00e0 6 000 bouteilles \/ heure<\/p>\n<p>COSTRAL \/\u00a0Lignes d&#8217;embouteillage<br \/>\nfixes ou mobiles\u00a0&#8211; jusqu&#8217;\u00e0 6 000 bouteilles \/ heure<\/p>\n<p>BEDI \/\u00a0\u00a0Machines pour \u00e9quiper et g\u00e9rer<br \/>\nles fins de ligne de production<\/p>\n<p>STONE \/\u00a0\u00a0Lignes d&#8217;embouteillage<br \/>\nfixes ou mobiles\u00a0de 3 000 \u00e0 25 000 bouteilles \/ heure<\/p>\n<p>L&#8217;<strong>Alliance Made in France<\/strong>\u00a0est l&#8217;association commerciale de quatre constructeurs fran\u00e7ais du secteur de l&#8217;embouteillage dont l&#8217;objectif commun est de proposer des lignes compl\u00e8tes d&#8217;embouteillage et de conditionnement allant jusqu&#8217;\u00e0 25 000 bouteilles\/heure.<\/p>\n<p>La m\u00eame vision du m\u00e9tier, la m\u00eame philosophie client ont ainsi permis de construire des machines totalement synchrones sur le choix des mat\u00e9riaux, les modes de fabrication, les cadences ou la capacit\u00e9 \u00e0 r\u00e9pondre de fa\u00e7on tr\u00e8s personnalis\u00e9e aux demandes du monde vinicole en France ou \u00e0 l&#8217;\u00e9tranger<\/p>\n<p>En 18 ans, soutenu par ses fournisseurs VINIMAT devenu un acteur majeur de la fili\u00e8re vinicole, a acquis une tr\u00e8s bonne r\u00e9putation dans le domaine du vin pour la qualit\u00e9 de ses conseils, la performance et diversit\u00e9 des produits propos\u00e9s \u00e0 ses clients, qui appr\u00e9cient son s\u00e9rieux.<\/p>\n<p>D&#8217;autres mat\u00e9riels plus d\u00e9di\u00e9s \u00e0 la vinification des vins viennent compl\u00e9ter la gamme de la Soci\u00e9t\u00e9 VINIMAT.<\/p>\n<p>GB PROJECT : Sp\u00e9cialiste de la filtration des bourbes ou autres sous-produits de vinification (lies, r\u00e9tentats de tangentiels ou centrifugeuses)<\/p>\n<p>UNITECH : pompes p\u00e9ristaltique, pompes \u00e0 pistons<\/p>\n<p>Enfin pour accompagner les vins dans leur longue\u00a0 phase de vieillissement en barrique, nous installons un syst\u00e8me de brumisation tr\u00e8s performant dans les chais \u00e0 barriques afin de maitriser la consume en influant sur le taux d\u2019hygrom\u00e9trie dans les chais \u00e0 barriques (la part des Anges).[\/vc_column_text][\/vc_column][\/vc_row]<\/p>\n","protected":false},"excerpt":{"rendered":"<p>[vc_row row_content_width=&#8221;grid&#8221; css=&#8221;.vc_custom_1491831764066{padding-top: 80px !important;background-color: #ffffff !important;}&#8221;][vc_column offset=&#8221;vc_col-md-12&#8243;][vc_row_inner row_content_width=&#8221;grid&#8221;][vc_column_inner offset=&#8221;vc_col-lg-3 vc_col-md-4&#8243;][vc_column_text] Fr\u00e9d\u00e9ric Le Grix de la Salle [\/vc_column_text][vc_empty_space height=&#8221;10px&#8221;][\/vc_column_inner][vc_column_inner offset=&#8221;vc_col-lg-9 vc_col-md-8&#8243;][vc_empty_space height=&#8221;15px&#8221;][vc_column_text] Apr\u00e8s avoir pass\u00e9 5 ann\u00e9es dans le secteur vinicole, Fr\u00e9d\u00e9ric Le Grix de la Salle d\u00e9cide de cr\u00e9er la soci\u00e9t\u00e9 VINIMAT en 2002, [&hellip;]<\/p>\n","protected":false},"author":1,"featured_media":0,"parent":0,"menu_order":0,"comment_status":"closed","ping_status":"closed","template":"full-width.php","meta":{"pgc_sgb_lightbox_settings":""},"_links":{"self":[{"href":"https:\/\/vinimat.fr\/index.php\/wp-json\/wp\/v2\/pages\/6869"}],"collection":[{"href":"https:\/\/vinimat.fr\/index.php\/wp-json\/wp\/v2\/pages"}],"about":[{"href":"https:\/\/vinimat.fr\/index.php\/wp-json\/wp\/v2\/types\/page"}],"author":[{"embeddable":true,"href":"https:\/\/vinimat.fr\/index.php\/wp-json\/wp\/v2\/users\/1"}],"replies":[{"embeddable":true,"href":"https:\/\/vinimat.fr\/index.php\/wp-json\/wp\/v2\/comments?post=6869"}],"version-history":[{"count":12,"href":"https:\/\/vinimat.fr\/index.php\/wp-json\/wp\/v2\/pages\/6869\/revisions"}],"predecessor-version":[{"id":11547,"href":"https:\/\/vinimat.fr\/index.php\/wp-json\/wp\/v2\/pages\/6869\/revisions\/11547"}],"wp:attachment":[{"href":"https:\/\/vinimat.fr\/index.php\/wp-json\/wp\/v2\/media?parent=6869"}],"curies":[{"name":"wp","href":"https:\/\/api.w.org\/{rel}","templated":true}]}}