{"id":7075,"date":"2017-03-23T11:30:54","date_gmt":"2017-03-23T11:30:54","guid":{"rendered":"http:\/\/vino.elated-themes.com\/?page_id=7075"},"modified":"2023-10-11T17:08:24","modified_gmt":"2023-10-11T17:08:24","slug":"about-us","status":"publish","type":"page","link":"https:\/\/vinimat.fr\/index.php\/about-us\/","title":{"rendered":"Notre histoire"},"content":{"rendered":"<p>[vc_row css=&#8221;.vc_custom_1492069466896{padding-top: 150px !important;padding-bottom: 150px !important;}&#8221;][vc_column]<div class=\"eltdf-elements-holder eltdf-responsive-mode-768\" ><div class=\"eltdf-eh-item eltdf-horizontal-alignment-center\" data-item-class=\"eltdf-eh-custom-277259\" data-1280-1600=\"0 30% 0 30%\" data-1024-1280=\"0 27% 0 27%\" data-768-1024=\"0 15% 0 15%\" data-600-768=\"0 7% 0 7%\" data-480=\"0 5% 0 5%\" >\n\t<div class=\"eltdf-eh-item-inner\" >\n\t\t<div class=\"eltdf-eh-item-content eltdf-eh-custom-277259\" style=\"padding: 0 32% 0 32%\">\n\t\t\t<div class=\"eltdf-section-title-holder\" >\n\t\t\t<h2 class=\"eltdf-st-title\" >\n\t\t\t<span>Qui sommes-nous ?<\/span>\n\t\t<\/h2>\n                    <div class=\"eltdf-st-separator clearfix\">\n                <div class=\"eltdf-separator\" ><\/div>\n            <\/div>\n        \t\t\t<\/div>[vc_column_text]<em>Comp\u00e9tences et R\u00e9activit\u00e9<\/em><\/p>\n<p>Apr\u00e8s avoir pass\u00e9 5 ann\u00e9es dans le secteur vinicole, Fr\u00e9d\u00e9ric Le Grix de la Salle d\u00e9cide de cr\u00e9er la soci\u00e9t\u00e9 VINIMAT en 2002,<\/p>\n<p>Voil\u00e0\u00a0 18 ans que la soci\u00e9t\u00e9 VINIMAT existe comme acteur majeur dans le secteur Vinicole sur la Gironde.<\/p>\n<p>&nbsp;<\/p>\n<p><strong><u>Notre domaine d&#8217;activit\u00e9\u00a0<\/u><\/strong>: secteur vinicole, brasserie ou industrie agro-alimentaire<\/p>\n<p>Nous intervenons aupr\u00e8s des viticulteurs, n\u00e9gociants en vins ou prestataires de services, \u00e0 leur demande ou sur recommandations pour apporter conseils dans la r\u00e9alisation de projet ou bien en support technique (service apr\u00e8s vente) de leurs mat\u00e9riels existants.[\/vc_column_text][vc_empty_space height=&#8221;60px&#8221;][vc_single_image image=&#8221;11805&#8243; img_size=&#8221;full&#8221;][vc_empty_space height=&#8221;150px&#8221;]\t\t<\/div>\n\t<\/div>\n\t<\/div><\/div>[vc_separator][vc_empty_space height=&#8221;150px&#8221;]<div class=\"eltdf-section-title-holder\" style=\"text-align: center\">\n\t\t\t<h2 class=\"eltdf-st-title\" >\n\t\t\t<span>Notre Chronologie<\/span>\n\t\t<\/h2>\n                    <div class=\"eltdf-st-separator clearfix\">\n                <div class=\"eltdf-separator\" ><\/div>\n            <\/div>\n        \t\t\t\t<h4 class=\"eltdf-st-subtitle\" >\n\t\t<span>VINIMAT construit sa renomm\u00e9e depuis bient\u00f4t 24 ans gr\u00e2ce \u00e0 une \u00e9quipe soud\u00e9e et dynamique !<\/span>\n\t\t<\/h4>\n\t\t<\/div>[vc_empty_space height=&#8221;37px&#8221;][vc_row_inner][vc_column_inner offset=&#8221;vc_hidden-xs&#8221;][vc_single_image image=&#8221;7297&#8243; img_size=&#8221;full&#8221; alignment=&#8221;center&#8221; css=&#8221;.vc_custom_1490973175556{margin-bottom: -2px !important;}&#8221;][\/vc_column_inner][\/vc_row_inner]<div class=\"eltdf-workflow eltdf-workflow-animate\">\n    <div class=\"eltdf-workflow-item eltdf-workflow-item-equal\">\n    <div class=\"eltdf-workflow-item-inner\">\n        <div class=\"eltdf-workflow-text-left\">\n                            <h6 class=\"eltdf-wfi-subtitle\">Fr\u00e9d\u00e9ric Le Grix de la Salle<\/h6>\n                        <span class=\"circle\"><\/span>\n                            <h3 class=\"eltdf-wfi-title\">2002<\/h3>\n                                <\/div>\n        <div class=\"eltdf-workflow-image\">\n            <img width=\"2328\" height=\"2066\" src=\"https:\/\/vinimat.fr\/wp-content\/uploads\/2020\/11\/Frederic-le-grix-de-la-salle.png\" class=\"attachment-full size-full\" alt=\"\" loading=\"lazy\" srcset=\"https:\/\/vinimat.fr\/wp-content\/uploads\/2020\/11\/Frederic-le-grix-de-la-salle.png 2328w, https:\/\/vinimat.fr\/wp-content\/uploads\/2020\/11\/Frederic-le-grix-de-la-salle-300x266.png 300w, https:\/\/vinimat.fr\/wp-content\/uploads\/2020\/11\/Frederic-le-grix-de-la-salle-1024x909.png 1024w, https:\/\/vinimat.fr\/wp-content\/uploads\/2020\/11\/Frederic-le-grix-de-la-salle-768x682.png 768w, https:\/\/vinimat.fr\/wp-content\/uploads\/2020\/11\/Frederic-le-grix-de-la-salle-1536x1363.png 1536w, https:\/\/vinimat.fr\/wp-content\/uploads\/2020\/11\/Frederic-le-grix-de-la-salle-600x532.png 600w\" sizes=\"(max-width: 2328px) 100vw, 2328px\" \/>        <\/div>\n        <div class=\"eltdf-workflow-text-right\">\n            <span class=\"circle\"><\/span>\n                                        <h3 class=\"eltdf-wfi-title\">Responsable commercial et g\u00e9rant<\/h3>\n                                <\/div>\n    <\/div>\n<\/div><div class=\"eltdf-workflow-item eltdf-workflow-item-equal\">\n    <div class=\"eltdf-workflow-item-inner\">\n        <div class=\"eltdf-workflow-text-left\">\n                            <h6 class=\"eltdf-wfi-subtitle\">Vincent Bessette<\/h6>\n                        <span class=\"circle\"><\/span>\n                            <h3 class=\"eltdf-wfi-title\">2002<\/h3>\n                                <\/div>\n        <div class=\"eltdf-workflow-image\">\n            <img width=\"768\" height=\"855\" src=\"https:\/\/vinimat.fr\/wp-content\/uploads\/2020\/11\/DA00DE89-DFAD-4ED8-8809-EE09502A8F22-1-e1604930835367.jpeg\" class=\"attachment-full size-full\" alt=\"\" loading=\"lazy\" srcset=\"https:\/\/vinimat.fr\/wp-content\/uploads\/2020\/11\/DA00DE89-DFAD-4ED8-8809-EE09502A8F22-1-e1604930835367.jpeg 768w, https:\/\/vinimat.fr\/wp-content\/uploads\/2020\/11\/DA00DE89-DFAD-4ED8-8809-EE09502A8F22-1-e1604930835367-269x300.jpeg 269w, https:\/\/vinimat.fr\/wp-content\/uploads\/2020\/11\/DA00DE89-DFAD-4ED8-8809-EE09502A8F22-1-e1604930835367-600x668.jpeg 600w\" sizes=\"(max-width: 768px) 100vw, 768px\" \/>        <\/div>\n        <div class=\"eltdf-workflow-text-right\">\n            <span class=\"circle\"><\/span>\n                                        <h3 class=\"eltdf-wfi-title\">Responsable Technique et Co-g\u00e9rant<\/h3>\n                                <\/div>\n    <\/div>\n<\/div><div class=\"eltdf-workflow-item eltdf-workflow-item-equal\">\n    <div class=\"eltdf-workflow-item-inner\">\n        <div class=\"eltdf-workflow-text-left\">\n                            <h6 class=\"eltdf-wfi-subtitle\">Nathalie Gadrat<\/h6>\n                        <span class=\"circle\"><\/span>\n                            <h3 class=\"eltdf-wfi-title\">2010<\/h3>\n                                <\/div>\n        <div class=\"eltdf-workflow-image\">\n            <img width=\"585\" height=\"676\" src=\"https:\/\/vinimat.fr\/wp-content\/uploads\/2022\/09\/gadrat.jpg\" class=\"attachment-full size-full\" alt=\"\" loading=\"lazy\" srcset=\"https:\/\/vinimat.fr\/wp-content\/uploads\/2022\/09\/gadrat.jpg 585w, https:\/\/vinimat.fr\/wp-content\/uploads\/2022\/09\/gadrat-260x300.jpg 260w\" sizes=\"(max-width: 585px) 100vw, 585px\" \/>        <\/div>\n        <div class=\"eltdf-workflow-text-right\">\n            <span class=\"circle\"><\/span>\n                                        <h3 class=\"eltdf-wfi-title\">Assistante administrative et commerciale<\/h3>\n                                <\/div>\n    <\/div>\n<\/div><div class=\"eltdf-workflow-item eltdf-workflow-item-equal\">\n    <div class=\"eltdf-workflow-item-inner\">\n        <div class=\"eltdf-workflow-text-left\">\n                            <h6 class=\"eltdf-wfi-subtitle\">Fabrice Vandenbossch<\/h6>\n                        <span class=\"circle\"><\/span>\n                            <h3 class=\"eltdf-wfi-title\">2011<\/h3>\n                                <\/div>\n        <div class=\"eltdf-workflow-image\">\n            <img width=\"480\" height=\"449\" src=\"https:\/\/vinimat.fr\/wp-content\/uploads\/2020\/11\/Fabrice-1.jpeg\" class=\"attachment-full size-full\" alt=\"\" loading=\"lazy\" srcset=\"https:\/\/vinimat.fr\/wp-content\/uploads\/2020\/11\/Fabrice-1.jpeg 480w, https:\/\/vinimat.fr\/wp-content\/uploads\/2020\/11\/Fabrice-1-300x281.jpeg 300w\" sizes=\"(max-width: 480px) 100vw, 480px\" \/>        <\/div>\n        <div class=\"eltdf-workflow-text-right\">\n            <span class=\"circle\"><\/span>\n                                        <h3 class=\"eltdf-wfi-title\">Vinicole itin\u00e9rant<\/h3>\n                                <\/div>\n    <\/div>\n<\/div><\/div>[vc_single_image image=&#8221;7287&#8243; img_size=&#8221;full&#8221; alignment=&#8221;center&#8221; css=&#8221;.vc_custom_1490972834054{margin-top: -10px !important;}&#8221;][\/vc_column][\/vc_row]<\/p>\n","protected":false},"excerpt":{"rendered":"<p>[vc_row css=&#8221;.vc_custom_1492069466896{padding-top: 150px !important;padding-bottom: 150px !important;}&#8221;][vc_column][vc_separator][vc_empty_space height=&#8221;150px&#8221;][vc_empty_space height=&#8221;37px&#8221;][vc_row_inner][vc_column_inner offset=&#8221;vc_hidden-xs&#8221;][vc_single_image image=&#8221;7297&#8243; img_size=&#8221;full&#8221; alignment=&#8221;center&#8221; css=&#8221;.vc_custom_1490973175556{margin-bottom: -2px !important;}&#8221;][\/vc_column_inner][\/vc_row_inner][vc_single_image image=&#8221;7287&#8243; img_size=&#8221;full&#8221; alignment=&#8221;center&#8221; css=&#8221;.vc_custom_1490972834054{margin-top: -10px !important;}&#8221;][\/vc_column][\/vc_row]<\/p>\n","protected":false},"author":1,"featured_media":0,"parent":0,"menu_order":0,"comment_status":"closed","ping_status":"closed","template":"","meta":{"pgc_sgb_lightbox_settings":""},"_links":{"self":[{"href":"https:\/\/vinimat.fr\/index.php\/wp-json\/wp\/v2\/pages\/7075"}],"collection":[{"href":"https:\/\/vinimat.fr\/index.php\/wp-json\/wp\/v2\/pages"}],"about":[{"href":"https:\/\/vinimat.fr\/index.php\/wp-json\/wp\/v2\/types\/page"}],"author":[{"embeddable":true,"href":"https:\/\/vinimat.fr\/index.php\/wp-json\/wp\/v2\/users\/1"}],"replies":[{"embeddable":true,"href":"https:\/\/vinimat.fr\/index.php\/wp-json\/wp\/v2\/comments?post=7075"}],"version-history":[{"count":33,"href":"https:\/\/vinimat.fr\/index.php\/wp-json\/wp\/v2\/pages\/7075\/revisions"}],"predecessor-version":[{"id":12197,"href":"https:\/\/vinimat.fr\/index.php\/wp-json\/wp\/v2\/pages\/7075\/revisions\/12197"}],"wp:attachment":[{"href":"https:\/\/vinimat.fr\/index.php\/wp-json\/wp\/v2\/media?parent=7075"}],"curies":[{"name":"wp","href":"https:\/\/api.w.org\/{rel}","templated":true}]}}